{"id":714,"date":"2021-06-09T09:25:12","date_gmt":"2021-06-09T07:25:12","guid":{"rendered":"https:\/\/chaletforyou.com\/impresszum\/"},"modified":"2022-11-24T13:37:06","modified_gmt":"2022-11-24T11:37:06","slug":"impress","status":"publish","type":"page","link":"https:\/\/chaletforyou.com\/en\/impress\/","title":{"rendered":"Impress"},"content":{"rendered":"<h4><strong>Operator<\/strong>:<\/h4>\n<p>Maros Szilvia (Individual with tax number)<br \/>\nHeadquarters: 3559 R\u00e9p\u00e1shuta, Herman Ott\u00f3 u. 7.<br \/>\nTax number: 56906875-2-25<br \/>\nService address: 3559 R\u00e9p\u00e1shuta, R\u00e1k\u00f3czi u. 17. HRSZ: 020\/61.<br \/>\nPhone: +36 30 139 5359<\/p>\n<p>NTAK sz\u00e1m: MA21001929<\/p>\n<h4><strong>Website hosting<\/strong>:<\/h4>\n<p>IT ProfesSimple Inc.<br \/>\nHeadquarters: 2030 \u00c9rd, Fav\u00e1g\u00f3 utca 29.<br \/>\nTax number: 27128082-2-13<br \/>\nCompany registration number 13-09-202904<\/p>\n","protected":false},"excerpt":{"rendered":"<p>Operator: Maros Szilvia (Individual with tax number) Headquarters: 3559 R\u00e9p\u00e1shuta, Herman Ott\u00f3 u. 7. Tax number: 56906875-2-25 Service address: 3559 R\u00e9p\u00e1shuta, R\u00e1k\u00f3czi u. 17. HRSZ: 020\/61. Phone: +36 30 139&#8230;<\/p>\n","protected":false},"author":1,"featured_media":0,"parent":0,"menu_order":0,"comment_status":"closed","ping_status":"closed","template":"","meta":{"footnotes":""},"class_list":["post-714","page","type-page","status-publish"],"yoast_head":"<!-- This site is optimized with the Yoast SEO plugin v27.2 - https:\/\/yoast.com\/product\/yoast-seo-wordpress\/ -->\n<title>Impress - Chalet For You<\/title>\n<meta name=\"robots\" content=\"index, follow, max-snippet:-1, max-image-preview:large, max-video-preview:-1\" \/>\n<link rel=\"canonical\" href=\"https:\/\/chaletforyou.com\/en\/impress\/\" \/>\n<meta property=\"og:locale\" content=\"en_US\" \/>\n<meta property=\"og:type\" content=\"article\" \/>\n<meta property=\"og:title\" content=\"Impress - Chalet For You\" \/>\n<meta property=\"og:description\" content=\"Operator: Maros Szilvia (Individual with tax number) Headquarters: 3559 R\u00e9p\u00e1shuta, Herman Ott\u00f3 u. 7. Tax number: 56906875-2-25 Service address: 3559 R\u00e9p\u00e1shuta, R\u00e1k\u00f3czi u. 17. HRSZ: 020\/61. Phone: +36 30 139...\" \/>\n<meta property=\"og:url\" content=\"https:\/\/chaletforyou.com\/en\/impress\/\" \/>\n<meta property=\"og:site_name\" content=\"Chalet For You\" \/>\n<meta property=\"article:modified_time\" content=\"2022-11-24T11:37:06+00:00\" \/>\n<meta name=\"twitter:card\" content=\"summary_large_image\" \/>\n<meta name=\"twitter:label1\" content=\"Est. reading time\" \/>\n\t<meta name=\"twitter:data1\" content=\"1 minute\" \/>\n<script type=\"application\/ld+json\" class=\"yoast-schema-graph\">{\"@context\":\"https:\/\/schema.org\",\"@graph\":[{\"@type\":\"WebPage\",\"@id\":\"https:\/\/chaletforyou.com\/en\/impress\/\",\"url\":\"https:\/\/chaletforyou.com\/en\/impress\/\",\"name\":\"Impress - Chalet For You\",\"isPartOf\":{\"@id\":\"https:\/\/chaletforyou.com\/en\/#website\"},\"datePublished\":\"2021-06-09T07:25:12+00:00\",\"dateModified\":\"2022-11-24T11:37:06+00:00\",\"breadcrumb\":{\"@id\":\"https:\/\/chaletforyou.com\/en\/impress\/#breadcrumb\"},\"inLanguage\":\"en-US\",\"potentialAction\":[{\"@type\":\"ReadAction\",\"target\":[\"https:\/\/chaletforyou.com\/en\/impress\/\"]}]},{\"@type\":\"BreadcrumbList\",\"@id\":\"https:\/\/chaletforyou.com\/en\/impress\/#breadcrumb\",\"itemListElement\":[{\"@type\":\"ListItem\",\"position\":1,\"name\":\"Kezd\u0151lap\",\"item\":\"https:\/\/chaletforyou.com\/en\/\"},{\"@type\":\"ListItem\",\"position\":2,\"name\":\"Impress\"}]},{\"@type\":\"WebSite\",\"@id\":\"https:\/\/chaletforyou.com\/en\/#website\",\"url\":\"https:\/\/chaletforyou.com\/en\/\",\"name\":\"Chalet For You\",\"description\":\"Luxus fah\u00e1zak az erd\u0151 sz\u00edv\u00e9ben!\",\"potentialAction\":[{\"@type\":\"SearchAction\",\"target\":{\"@type\":\"EntryPoint\",\"urlTemplate\":\"https:\/\/chaletforyou.com\/en\/?s={search_term_string}\"},\"query-input\":{\"@type\":\"PropertyValueSpecification\",\"valueRequired\":true,\"valueName\":\"search_term_string\"}}],\"inLanguage\":\"en-US\"}]}<\/script>\n<!-- \/ Yoast SEO plugin. -->","yoast_head_json":{"title":"Impress - Chalet For You","robots":{"index":"index","follow":"follow","max-snippet":"max-snippet:-1","max-image-preview":"max-image-preview:large","max-video-preview":"max-video-preview:-1"},"canonical":"https:\/\/chaletforyou.com\/en\/impress\/","og_locale":"en_US","og_type":"article","og_title":"Impress - Chalet For You","og_description":"Operator: Maros Szilvia (Individual with tax number) Headquarters: 3559 R\u00e9p\u00e1shuta, Herman Ott\u00f3 u. 7. Tax number: 56906875-2-25 Service address: 3559 R\u00e9p\u00e1shuta, R\u00e1k\u00f3czi u. 17. HRSZ: 020\/61. Phone: +36 30 139...","og_url":"https:\/\/chaletforyou.com\/en\/impress\/","og_site_name":"Chalet For You","article_modified_time":"2022-11-24T11:37:06+00:00","twitter_card":"summary_large_image","twitter_misc":{"Est. reading time":"1 minute"},"schema":{"@context":"https:\/\/schema.org","@graph":[{"@type":"WebPage","@id":"https:\/\/chaletforyou.com\/en\/impress\/","url":"https:\/\/chaletforyou.com\/en\/impress\/","name":"Impress - Chalet For You","isPartOf":{"@id":"https:\/\/chaletforyou.com\/en\/#website"},"datePublished":"2021-06-09T07:25:12+00:00","dateModified":"2022-11-24T11:37:06+00:00","breadcrumb":{"@id":"https:\/\/chaletforyou.com\/en\/impress\/#breadcrumb"},"inLanguage":"en-US","potentialAction":[{"@type":"ReadAction","target":["https:\/\/chaletforyou.com\/en\/impress\/"]}]},{"@type":"BreadcrumbList","@id":"https:\/\/chaletforyou.com\/en\/impress\/#breadcrumb","itemListElement":[{"@type":"ListItem","position":1,"name":"Kezd\u0151lap","item":"https:\/\/chaletforyou.com\/en\/"},{"@type":"ListItem","position":2,"name":"Impress"}]},{"@type":"WebSite","@id":"https:\/\/chaletforyou.com\/en\/#website","url":"https:\/\/chaletforyou.com\/en\/","name":"Chalet For You","description":"Luxus fah\u00e1zak az erd\u0151 sz\u00edv\u00e9ben!","potentialAction":[{"@type":"SearchAction","target":{"@type":"EntryPoint","urlTemplate":"https:\/\/chaletforyou.com\/en\/?s={search_term_string}"},"query-input":{"@type":"PropertyValueSpecification","valueRequired":true,"valueName":"search_term_string"}}],"inLanguage":"en-US"}]}},"_links":{"self":[{"href":"https:\/\/chaletforyou.com\/en\/wp-json\/wp\/v2\/pages\/714","targetHints":{"allow":["GET"]}}],"collection":[{"href":"https:\/\/chaletforyou.com\/en\/wp-json\/wp\/v2\/pages"}],"about":[{"href":"https:\/\/chaletforyou.com\/en\/wp-json\/wp\/v2\/types\/page"}],"author":[{"embeddable":true,"href":"https:\/\/chaletforyou.com\/en\/wp-json\/wp\/v2\/users\/1"}],"replies":[{"embeddable":true,"href":"https:\/\/chaletforyou.com\/en\/wp-json\/wp\/v2\/comments?post=714"}],"version-history":[{"count":4,"href":"https:\/\/chaletforyou.com\/en\/wp-json\/wp\/v2\/pages\/714\/revisions"}],"predecessor-version":[{"id":991,"href":"https:\/\/chaletforyou.com\/en\/wp-json\/wp\/v2\/pages\/714\/revisions\/991"}],"wp:attachment":[{"href":"https:\/\/chaletforyou.com\/en\/wp-json\/wp\/v2\/media?parent=714"}],"curies":[{"name":"wp","href":"https:\/\/api.w.org\/{rel}","templated":true}]}}