{"id":703,"date":"2021-06-09T09:01:31","date_gmt":"2021-06-09T07:01:31","guid":{"rendered":"https:\/\/chaletforyou.com\/gallery\/"},"modified":"2025-09-26T13:39:19","modified_gmt":"2025-09-26T11:39:19","slug":"gallery","status":"publish","type":"page","link":"https:\/\/chaletforyou.com\/en\/gallery\/","title":{"rendered":"Gallery"},"content":{"rendered":"[vc_row type=&#8221;in_container&#8221; full_screen_row_position=&#8221;middle&#8221; column_margin=&#8221;default&#8221; column_direction=&#8221;default&#8221; column_direction_tablet=&#8221;default&#8221; column_direction_phone=&#8221;default&#8221; scene_position=&#8221;center&#8221; top_padding=&#8221;20&#8243; constrain_group_1=&#8221;yes&#8221; bottom_padding=&#8221;20&#8243; top_padding_tablet=&#8221;20&#8243; constrain_group_3=&#8221;yes&#8221; bottom_padding_tablet=&#8221;20&#8243; top_padding_phone=&#8221;20&#8243; constrain_group_5=&#8221;yes&#8221; bottom_padding_phone=&#8221;20&#8243; text_color=&#8221;dark&#8221; text_align=&#8221;left&#8221; row_border_radius=&#8221;none&#8221; row_border_radius_applies=&#8221;bg&#8221; overlay_strength=&#8221;0.3&#8243; gradient_direction=&#8221;left_to_right&#8221; shape_divider_position=&#8221;bottom&#8221; bg_image_animation=&#8221;none&#8221; shape_type=&#8221;&#8221;][vc_column column_padding=&#8221;no-extra-padding&#8221; column_padding_tablet=&#8221;inherit&#8221; column_padding_phone=&#8221;inherit&#8221; column_padding_position=&#8221;all&#8221; column_element_spacing=&#8221;default&#8221; background_color_opacity=&#8221;1&#8243; background_hover_color_opacity=&#8221;1&#8243; column_shadow=&#8221;none&#8221; column_border_radius=&#8221;none&#8221; column_link_target=&#8221;_self&#8221; gradient_direction=&#8221;left_to_right&#8221; overlay_strength=&#8221;0.3&#8243; width=&#8221;1\/1&#8243; tablet_width_inherit=&#8221;default&#8221; tablet_text_alignment=&#8221;default&#8221; phone_text_alignment=&#8221;default&#8221; bg_image_animation=&#8221;none&#8221; border_type=&#8221;simple&#8221; column_border_width=&#8221;none&#8221; column_border_style=&#8221;solid&#8221;][tabbed_section style=&#8221;minimal_flexible&#8221; tab_color=&#8221;Accent-Color&#8221; icon_size=&#8221;24&#8243;][tab icon_family=&#8221;none&#8221; title=&#8221;SALAKOTA CHALET&#8221; id=&#8221;1758886447345-5&#8243; tab_id=&#8221;1758886447345-5&#8243;][vc_gallery type=&#8221;image_grid&#8221; images=&#8221;330,333,335,336,337,338,343,344,994,996,998,1000,1002,1004,1006,1008,1010,1153,10034,10036,10038&#8243; image_grid_loading=&#8221;lazy-load&#8221; layout=&#8221;4&#8243; item_spacing=&#8221;default&#8221; gallery_style=&#8221;7&#8243; load_in_animation=&#8221;none&#8221; img_size=&#8221;600&#215;400&#8243;][\/tab][tab icon_family=&#8221;none&#8221; title=&#8221;PARUS CHALET&#8221; id=&#8221;1758886447391-10&#8243; tab_id=&#8221;1758886447391-0&#8243;][vc_gallery type=&#8221;image_grid&#8221; images=&#8221;345,348,349,351,1078,358,1015,1017,1019,1023,1025,1027,1029,1031,1159,1161,10040,10042,10045,10047,10049,10051,10053&#8243; image_grid_loading=&#8221;lazy-load&#8221; layout=&#8221;4&#8243; item_spacing=&#8221;default&#8221; gallery_style=&#8221;7&#8243; load_in_animation=&#8221;none&#8221; img_size=&#8221;600&#215;400&#8243;][\/tab][tab icon_family=&#8221;none&#8221; title=&#8221;SAUNA&#8221; id=&#8221;1758886447419-4&#8243; tab_id=&#8221;1758886447420-5&#8243;][vc_gallery type=&#8221;image_grid&#8221; images=&#8221;367,371,372,1075,363,1033,1035,1163,1165,10023,10025,10027,10029,10031&#8243; image_grid_loading=&#8221;lazy-load&#8221; layout=&#8221;4&#8243; item_spacing=&#8221;default&#8221; gallery_style=&#8221;7&#8243; load_in_animation=&#8221;none&#8221; img_size=&#8221;600&#215;400&#8243;][\/tab][tab icon_family=&#8221;none&#8221; title=&#8221;SURROUNDINGS&#8221; id=&#8221;1758886447434-2&#8243; tab_id=&#8221;1758886447435-9&#8243;][vc_gallery type=&#8221;image_grid&#8221; images=&#8221;190,194,195,196,197,199,215,299,1037,1039,1041,1043,1045,1047,1051,1053,1055,9705,9707,9709&#8243; image_grid_loading=&#8221;lazy-load&#8221; layout=&#8221;4&#8243; item_spacing=&#8221;default&#8221; gallery_style=&#8221;7&#8243; load_in_animation=&#8221;none&#8221; img_size=&#8221;600&#215;400&#8243;][\/tab][\/tabbed_section][\/vc_column][\/vc_row][vc_row type=&#8221;full_width_background&#8221; full_screen_row_position=&#8221;middle&#8221; column_margin=&#8221;default&#8221; equal_height=&#8221;yes&#8221; content_placement=&#8221;middle&#8221; column_direction=&#8221;default&#8221; column_direction_tablet=&#8221;default&#8221; column_direction_phone=&#8221;default&#8221; bg_image=&#8221;113&#8243; bg_position=&#8221;left top&#8221; background_image_loading=&#8221;default&#8221; bg_repeat=&#8221;no-repeat&#8221; scene_position=&#8221;center&#8221; top_padding=&#8221;40&#8243; bottom_padding=&#8221;40&#8243; top_padding_tablet=&#8221;20&#8243; bottom_padding_tablet=&#8221;20&#8243; top_padding_phone=&#8221;10&#8243; bottom_padding_phone=&#8221;10&#8243; text_color=&#8221;light&#8221; text_align=&#8221;left&#8221; row_border_radius=&#8221;none&#8221; row_border_radius_applies=&#8221;bg&#8221; overlay_strength=&#8221;0.3&#8243; gradient_direction=&#8221;left_to_right&#8221; shape_divider_position=&#8221;bottom&#8221; bg_image_animation=&#8221;none&#8221; shape_type=&#8221;&#8221;][vc_column column_padding=&#8221;no-extra-padding&#8221; column_padding_tablet=&#8221;inherit&#8221; column_padding_phone=&#8221;inherit&#8221; column_padding_position=&#8221;all&#8221; column_element_spacing=&#8221;default&#8221; background_color_opacity=&#8221;1&#8243; background_hover_color_opacity=&#8221;1&#8243; column_shadow=&#8221;none&#8221; column_border_radius=&#8221;none&#8221; column_link_target=&#8221;_self&#8221; gradient_direction=&#8221;left_to_right&#8221; overlay_strength=&#8221;0.3&#8243; width=&#8221;1\/1&#8243; tablet_width_inherit=&#8221;default&#8221; tablet_text_alignment=&#8221;default&#8221; phone_text_alignment=&#8221;default&#8221; bg_image_animation=&#8221;none&#8221; border_type=&#8221;simple&#8221; column_border_width=&#8221;none&#8221; column_border_style=&#8221;solid&#8221;][vc_row_inner column_margin=&#8221;default&#8221; column_direction=&#8221;default&#8221; column_direction_tablet=&#8221;default&#8221; column_direction_phone=&#8221;default&#8221; text_align=&#8221;left&#8221;][vc_column_inner column_padding=&#8221;padding-2-percent&#8221; column_padding_tablet=&#8221;inherit&#8221; column_padding_phone=&#8221;inherit&#8221; column_padding_position=&#8221;all&#8221; column_element_spacing=&#8221;default&#8221; centered_text=&#8221;true&#8221; background_color_opacity=&#8221;1&#8243; background_hover_color_opacity=&#8221;1&#8243; column_shadow=&#8221;none&#8221; column_border_radius=&#8221;none&#8221; column_link_target=&#8221;_self&#8221; gradient_direction=&#8221;left_to_right&#8221; overlay_strength=&#8221;0.3&#8243; width=&#8221;2\/3&#8243; tablet_width_inherit=&#8221;default&#8221; bg_image_animation=&#8221;none&#8221; border_type=&#8221;simple&#8221; column_border_width=&#8221;none&#8221; column_border_style=&#8221;solid&#8221;][vc_column_text]\n<h1>Guesthouse reservation<\/h1>\n[\/vc_column_text][\/vc_column_inner][vc_column_inner column_padding=&#8221;padding-2-percent&#8221; column_padding_tablet=&#8221;inherit&#8221; column_padding_phone=&#8221;inherit&#8221; column_padding_position=&#8221;all&#8221; column_element_spacing=&#8221;default&#8221; centered_text=&#8221;true&#8221; background_color_opacity=&#8221;1&#8243; background_hover_color_opacity=&#8221;1&#8243; column_shadow=&#8221;none&#8221; column_border_radius=&#8221;none&#8221; column_link_target=&#8221;_self&#8221; gradient_direction=&#8221;left_to_right&#8221; overlay_strength=&#8221;0.3&#8243; width=&#8221;1\/3&#8243; tablet_width_inherit=&#8221;default&#8221; bg_image_animation=&#8221;none&#8221; border_type=&#8221;simple&#8221; column_border_width=&#8221;none&#8221; column_border_style=&#8221;solid&#8221;][nectar_btn size=&#8221;large&#8221; button_style=&#8221;regular&#8221; button_color_2=&#8221;Extra-Color-3&#8243; solid_text_color_override=&#8221;#1a1f23&#8243; icon_family=&#8221;none&#8221; text=&#8221;BOOKING&#8221; margin_top=&#8221;10&#8243; margin_bottom=&#8221;10&#8243; margin_left=&#8221;10&#8243; margin_right=&#8221;10&#8243; url=&#8221;https:\/\/chaletforyou.com\/en\/booking&#8221;][\/vc_column_inner][\/vc_row_inner][\/vc_column][\/vc_row]\n","protected":false},"excerpt":{"rendered":"<p>[vc_row type=&#8221;in_container&#8221; full_screen_row_position=&#8221;middle&#8221; column_margin=&#8221;default&#8221; column_direction=&#8221;default&#8221; column_direction_tablet=&#8221;default&#8221; column_direction_phone=&#8221;default&#8221; scene_position=&#8221;center&#8221; top_padding=&#8221;20&#8243; constrain_group_1=&#8221;yes&#8221; bottom_padding=&#8221;20&#8243; top_padding_tablet=&#8221;20&#8243; constrain_group_3=&#8221;yes&#8221; bottom_padding_tablet=&#8221;20&#8243; top_padding_phone=&#8221;20&#8243; constrain_group_5=&#8221;yes&#8221; bottom_padding_phone=&#8221;20&#8243; text_color=&#8221;dark&#8221; text_align=&#8221;left&#8221; row_border_radius=&#8221;none&#8221; row_border_radius_applies=&#8221;bg&#8221; overlay_strength=&#8221;0.3&#8243; gradient_direction=&#8221;left_to_right&#8221; shape_divider_position=&#8221;bottom&#8221; bg_image_animation=&#8221;none&#8221; shape_type=&#8221;&#8221;][vc_column column_padding=&#8221;no-extra-padding&#8221; column_padding_tablet=&#8221;inherit&#8221; column_padding_phone=&#8221;inherit&#8221; column_padding_position=&#8221;all&#8221;&#8230;<\/p>\n","protected":false},"author":1,"featured_media":0,"parent":0,"menu_order":0,"comment_status":"closed","ping_status":"closed","template":"","meta":{"footnotes":""},"class_list":["post-703","page","type-page","status-publish"],"yoast_head":"<!-- This site is optimized with the Yoast SEO plugin v27.3 - https:\/\/yoast.com\/product\/yoast-seo-wordpress\/ -->\n<title>Gallery - Chalet For You<\/title>\n<meta name=\"robots\" content=\"index, follow, max-snippet:-1, max-image-preview:large, max-video-preview:-1\" \/>\n<link rel=\"canonical\" href=\"https:\/\/chaletforyou.com\/en\/gallery\/\" \/>\n<meta property=\"og:locale\" content=\"en_US\" \/>\n<meta property=\"og:type\" content=\"article\" \/>\n<meta property=\"og:title\" content=\"Gallery - Chalet For You\" \/>\n<meta property=\"og:description\" content=\"[vc_row type=&#8221;in_container&#8221; full_screen_row_position=&#8221;middle&#8221; column_margin=&#8221;default&#8221; column_direction=&#8221;default&#8221; column_direction_tablet=&#8221;default&#8221; column_direction_phone=&#8221;default&#8221; scene_position=&#8221;center&#8221; top_padding=&#8221;20&#8243; constrain_group_1=&#8221;yes&#8221; bottom_padding=&#8221;20&#8243; top_padding_tablet=&#8221;20&#8243; constrain_group_3=&#8221;yes&#8221; bottom_padding_tablet=&#8221;20&#8243; top_padding_phone=&#8221;20&#8243; constrain_group_5=&#8221;yes&#8221; bottom_padding_phone=&#8221;20&#8243; text_color=&#8221;dark&#8221; text_align=&#8221;left&#8221; row_border_radius=&#8221;none&#8221; row_border_radius_applies=&#8221;bg&#8221; overlay_strength=&#8221;0.3&#8243; gradient_direction=&#8221;left_to_right&#8221; shape_divider_position=&#8221;bottom&#8221; bg_image_animation=&#8221;none&#8221; shape_type=&#8221;&#8221;][vc_column column_padding=&#8221;no-extra-padding&#8221; column_padding_tablet=&#8221;inherit&#8221; column_padding_phone=&#8221;inherit&#8221; column_padding_position=&#8221;all&#8221;...\" \/>\n<meta property=\"og:url\" content=\"https:\/\/chaletforyou.com\/en\/gallery\/\" \/>\n<meta property=\"og:site_name\" content=\"Chalet For You\" \/>\n<meta property=\"article:modified_time\" content=\"2025-09-26T11:39:19+00:00\" \/>\n<meta name=\"twitter:card\" content=\"summary_large_image\" \/>\n<meta name=\"twitter:label1\" content=\"Est. reading time\" \/>\n\t<meta name=\"twitter:data1\" content=\"2 minutes\" \/>\n<script type=\"application\/ld+json\" class=\"yoast-schema-graph\">{\"@context\":\"https:\\\/\\\/schema.org\",\"@graph\":[{\"@type\":\"WebPage\",\"@id\":\"https:\\\/\\\/chaletforyou.com\\\/en\\\/gallery\\\/\",\"url\":\"https:\\\/\\\/chaletforyou.com\\\/en\\\/gallery\\\/\",\"name\":\"Gallery - Chalet For You\",\"isPartOf\":{\"@id\":\"https:\\\/\\\/chaletforyou.com\\\/en\\\/#website\"},\"datePublished\":\"2021-06-09T07:01:31+00:00\",\"dateModified\":\"2025-09-26T11:39:19+00:00\",\"breadcrumb\":{\"@id\":\"https:\\\/\\\/chaletforyou.com\\\/en\\\/gallery\\\/#breadcrumb\"},\"inLanguage\":\"en-US\",\"potentialAction\":[{\"@type\":\"ReadAction\",\"target\":[\"https:\\\/\\\/chaletforyou.com\\\/en\\\/gallery\\\/\"]}]},{\"@type\":\"BreadcrumbList\",\"@id\":\"https:\\\/\\\/chaletforyou.com\\\/en\\\/gallery\\\/#breadcrumb\",\"itemListElement\":[{\"@type\":\"ListItem\",\"position\":1,\"name\":\"Kezd\u0151lap\",\"item\":\"https:\\\/\\\/chaletforyou.com\\\/en\\\/\"},{\"@type\":\"ListItem\",\"position\":2,\"name\":\"Gallery\"}]},{\"@type\":\"WebSite\",\"@id\":\"https:\\\/\\\/chaletforyou.com\\\/en\\\/#website\",\"url\":\"https:\\\/\\\/chaletforyou.com\\\/en\\\/\",\"name\":\"Chalet For You\",\"description\":\"Luxus fah\u00e1zak az erd\u0151 sz\u00edv\u00e9ben!\",\"potentialAction\":[{\"@type\":\"SearchAction\",\"target\":{\"@type\":\"EntryPoint\",\"urlTemplate\":\"https:\\\/\\\/chaletforyou.com\\\/en\\\/?s={search_term_string}\"},\"query-input\":{\"@type\":\"PropertyValueSpecification\",\"valueRequired\":true,\"valueName\":\"search_term_string\"}}],\"inLanguage\":\"en-US\"}]}<\/script>\n<!-- \/ Yoast SEO plugin. -->","yoast_head_json":{"title":"Gallery - Chalet For You","robots":{"index":"index","follow":"follow","max-snippet":"max-snippet:-1","max-image-preview":"max-image-preview:large","max-video-preview":"max-video-preview:-1"},"canonical":"https:\/\/chaletforyou.com\/en\/gallery\/","og_locale":"en_US","og_type":"article","og_title":"Gallery - Chalet For You","og_description":"[vc_row type=&#8221;in_container&#8221; full_screen_row_position=&#8221;middle&#8221; column_margin=&#8221;default&#8221; column_direction=&#8221;default&#8221; column_direction_tablet=&#8221;default&#8221; column_direction_phone=&#8221;default&#8221; scene_position=&#8221;center&#8221; top_padding=&#8221;20&#8243; constrain_group_1=&#8221;yes&#8221; bottom_padding=&#8221;20&#8243; top_padding_tablet=&#8221;20&#8243; constrain_group_3=&#8221;yes&#8221; bottom_padding_tablet=&#8221;20&#8243; top_padding_phone=&#8221;20&#8243; constrain_group_5=&#8221;yes&#8221; bottom_padding_phone=&#8221;20&#8243; text_color=&#8221;dark&#8221; text_align=&#8221;left&#8221; row_border_radius=&#8221;none&#8221; row_border_radius_applies=&#8221;bg&#8221; overlay_strength=&#8221;0.3&#8243; gradient_direction=&#8221;left_to_right&#8221; shape_divider_position=&#8221;bottom&#8221; bg_image_animation=&#8221;none&#8221; shape_type=&#8221;&#8221;][vc_column column_padding=&#8221;no-extra-padding&#8221; column_padding_tablet=&#8221;inherit&#8221; column_padding_phone=&#8221;inherit&#8221; column_padding_position=&#8221;all&#8221;...","og_url":"https:\/\/chaletforyou.com\/en\/gallery\/","og_site_name":"Chalet For You","article_modified_time":"2025-09-26T11:39:19+00:00","twitter_card":"summary_large_image","twitter_misc":{"Est. reading time":"2 minutes"},"schema":{"@context":"https:\/\/schema.org","@graph":[{"@type":"WebPage","@id":"https:\/\/chaletforyou.com\/en\/gallery\/","url":"https:\/\/chaletforyou.com\/en\/gallery\/","name":"Gallery - Chalet For You","isPartOf":{"@id":"https:\/\/chaletforyou.com\/en\/#website"},"datePublished":"2021-06-09T07:01:31+00:00","dateModified":"2025-09-26T11:39:19+00:00","breadcrumb":{"@id":"https:\/\/chaletforyou.com\/en\/gallery\/#breadcrumb"},"inLanguage":"en-US","potentialAction":[{"@type":"ReadAction","target":["https:\/\/chaletforyou.com\/en\/gallery\/"]}]},{"@type":"BreadcrumbList","@id":"https:\/\/chaletforyou.com\/en\/gallery\/#breadcrumb","itemListElement":[{"@type":"ListItem","position":1,"name":"Kezd\u0151lap","item":"https:\/\/chaletforyou.com\/en\/"},{"@type":"ListItem","position":2,"name":"Gallery"}]},{"@type":"WebSite","@id":"https:\/\/chaletforyou.com\/en\/#website","url":"https:\/\/chaletforyou.com\/en\/","name":"Chalet For You","description":"Luxus fah\u00e1zak az erd\u0151 sz\u00edv\u00e9ben!","potentialAction":[{"@type":"SearchAction","target":{"@type":"EntryPoint","urlTemplate":"https:\/\/chaletforyou.com\/en\/?s={search_term_string}"},"query-input":{"@type":"PropertyValueSpecification","valueRequired":true,"valueName":"search_term_string"}}],"inLanguage":"en-US"}]}},"_links":{"self":[{"href":"https:\/\/chaletforyou.com\/en\/wp-json\/wp\/v2\/pages\/703","targetHints":{"allow":["GET"]}}],"collection":[{"href":"https:\/\/chaletforyou.com\/en\/wp-json\/wp\/v2\/pages"}],"about":[{"href":"https:\/\/chaletforyou.com\/en\/wp-json\/wp\/v2\/types\/page"}],"author":[{"embeddable":true,"href":"https:\/\/chaletforyou.com\/en\/wp-json\/wp\/v2\/users\/1"}],"replies":[{"embeddable":true,"href":"https:\/\/chaletforyou.com\/en\/wp-json\/wp\/v2\/comments?post=703"}],"version-history":[{"count":20,"href":"https:\/\/chaletforyou.com\/en\/wp-json\/wp\/v2\/pages\/703\/revisions"}],"predecessor-version":[{"id":10055,"href":"https:\/\/chaletforyou.com\/en\/wp-json\/wp\/v2\/pages\/703\/revisions\/10055"}],"wp:attachment":[{"href":"https:\/\/chaletforyou.com\/en\/wp-json\/wp\/v2\/media?parent=703"}],"curies":[{"name":"wp","href":"https:\/\/api.w.org\/{rel}","templated":true}]}}